{"id":1296,"date":"2018-10-22T14:32:38","date_gmt":"2018-10-22T18:32:38","guid":{"rendered":"https:\/\/www.manugypse.com\/postulez-en-ligne\/"},"modified":"2022-01-13T11:34:06","modified_gmt":"2022-01-13T16:34:06","slug":"apply-online","status":"publish","type":"page","link":"https:\/\/www.manugypse.com\/en\/apply-online\/","title":{"rendered":"Apply online"},"content":{"rendered":"","protected":false},"excerpt":{"rendered":"","protected":false},"author":4,"featured_media":0,"parent":0,"menu_order":0,"comment_status":"closed","ping_status":"closed","template":"templates\/template-layouts.php","meta":{"_acf_changed":false,"footnotes":""},"class_list":["post-1296","page","type-page","status-publish","hentry"],"acf":[],"yoast_head":"<!-- This site is optimized with the Yoast SEO plugin v27.6 - https:\/\/yoast.com\/product\/yoast-seo-wordpress\/ -->\n<title>Apply online &#8212; Manugypse<\/title>\n<meta name=\"description\" content=\"Communiquez rapidement avec Manugypse gr\u00e2ce \u00e0 nos deux succursales : \u00e0 Qu\u00e9bec et \u00e0 Boucherville. Des questions? Remplissez le formulaire ou appelez-nous!\" \/>\n<meta name=\"robots\" content=\"index, follow, max-snippet:-1, max-image-preview:large, max-video-preview:-1\" \/>\n<link rel=\"canonical\" href=\"https:\/\/www.manugypse.com\/en\/apply-online\/\" \/>\n<meta property=\"og:locale\" content=\"en_US\" \/>\n<meta property=\"og:type\" content=\"article\" \/>\n<meta property=\"og:title\" content=\"Apply online &#8212; Manugypse\" \/>\n<meta property=\"og:description\" content=\"Communiquez rapidement avec Manugypse gr\u00e2ce \u00e0 nos deux succursales : \u00e0 Qu\u00e9bec et \u00e0 Boucherville. Des questions? Remplissez le formulaire ou appelez-nous!\" \/>\n<meta property=\"og:url\" content=\"https:\/\/www.manugypse.com\/en\/apply-online\/\" \/>\n<meta property=\"og:site_name\" content=\"Manugypse\" \/>\n<meta property=\"article:modified_time\" content=\"2022-01-13T16:34:06+00:00\" \/>\n<meta name=\"twitter:card\" content=\"summary_large_image\" \/>\n<script type=\"application\/ld+json\" class=\"yoast-schema-graph\">{\"@context\":\"https:\\\/\\\/schema.org\",\"@graph\":[{\"@type\":\"WebPage\",\"@id\":\"https:\\\/\\\/www.manugypse.com\\\/en\\\/apply-online\\\/\",\"url\":\"https:\\\/\\\/www.manugypse.com\\\/en\\\/apply-online\\\/\",\"name\":\"Apply online &#8212; Manugypse\",\"isPartOf\":{\"@id\":\"https:\\\/\\\/www.manugypse.com\\\/en\\\/#website\"},\"datePublished\":\"2018-10-22T18:32:38+00:00\",\"dateModified\":\"2022-01-13T16:34:06+00:00\",\"description\":\"Communiquez rapidement avec Manugypse gr\u00e2ce \u00e0 nos deux succursales : \u00e0 Qu\u00e9bec et \u00e0 Boucherville. Des questions? Remplissez le formulaire ou appelez-nous!\",\"breadcrumb\":{\"@id\":\"https:\\\/\\\/www.manugypse.com\\\/en\\\/apply-online\\\/#breadcrumb\"},\"inLanguage\":\"en-CA\",\"potentialAction\":[{\"@type\":\"ReadAction\",\"target\":[\"https:\\\/\\\/www.manugypse.com\\\/en\\\/apply-online\\\/\"]}]},{\"@type\":\"BreadcrumbList\",\"@id\":\"https:\\\/\\\/www.manugypse.com\\\/en\\\/apply-online\\\/#breadcrumb\",\"itemListElement\":[{\"@type\":\"ListItem\",\"position\":1,\"name\":\"Home\",\"item\":\"https:\\\/\\\/www.manugypse.com\\\/en\\\/\"},{\"@type\":\"ListItem\",\"position\":2,\"name\":\"Apply online\"}]},{\"@type\":\"WebSite\",\"@id\":\"https:\\\/\\\/www.manugypse.com\\\/en\\\/#website\",\"url\":\"https:\\\/\\\/www.manugypse.com\\\/en\\\/\",\"name\":\"Manugypse\",\"description\":\"Solides et novateurs.\",\"potentialAction\":[{\"@type\":\"SearchAction\",\"target\":{\"@type\":\"EntryPoint\",\"urlTemplate\":\"https:\\\/\\\/www.manugypse.com\\\/en\\\/?s={search_term_string}\"},\"query-input\":{\"@type\":\"PropertyValueSpecification\",\"valueRequired\":true,\"valueName\":\"search_term_string\"}}],\"inLanguage\":\"en-CA\"}]}<\/script>\n<!-- \/ Yoast SEO plugin. -->","yoast_head_json":{"title":"Apply online &#8212; Manugypse","description":"Communiquez rapidement avec Manugypse gr\u00e2ce \u00e0 nos deux succursales : \u00e0 Qu\u00e9bec et \u00e0 Boucherville. Des questions? Remplissez le formulaire ou appelez-nous!","robots":{"index":"index","follow":"follow","max-snippet":"max-snippet:-1","max-image-preview":"max-image-preview:large","max-video-preview":"max-video-preview:-1"},"canonical":"https:\/\/www.manugypse.com\/en\/apply-online\/","og_locale":"en_US","og_type":"article","og_title":"Apply online &#8212; Manugypse","og_description":"Communiquez rapidement avec Manugypse gr\u00e2ce \u00e0 nos deux succursales : \u00e0 Qu\u00e9bec et \u00e0 Boucherville. Des questions? Remplissez le formulaire ou appelez-nous!","og_url":"https:\/\/www.manugypse.com\/en\/apply-online\/","og_site_name":"Manugypse","article_modified_time":"2022-01-13T16:34:06+00:00","twitter_card":"summary_large_image","schema":{"@context":"https:\/\/schema.org","@graph":[{"@type":"WebPage","@id":"https:\/\/www.manugypse.com\/en\/apply-online\/","url":"https:\/\/www.manugypse.com\/en\/apply-online\/","name":"Apply online &#8212; Manugypse","isPartOf":{"@id":"https:\/\/www.manugypse.com\/en\/#website"},"datePublished":"2018-10-22T18:32:38+00:00","dateModified":"2022-01-13T16:34:06+00:00","description":"Communiquez rapidement avec Manugypse gr\u00e2ce \u00e0 nos deux succursales : \u00e0 Qu\u00e9bec et \u00e0 Boucherville. Des questions? Remplissez le formulaire ou appelez-nous!","breadcrumb":{"@id":"https:\/\/www.manugypse.com\/en\/apply-online\/#breadcrumb"},"inLanguage":"en-CA","potentialAction":[{"@type":"ReadAction","target":["https:\/\/www.manugypse.com\/en\/apply-online\/"]}]},{"@type":"BreadcrumbList","@id":"https:\/\/www.manugypse.com\/en\/apply-online\/#breadcrumb","itemListElement":[{"@type":"ListItem","position":1,"name":"Home","item":"https:\/\/www.manugypse.com\/en\/"},{"@type":"ListItem","position":2,"name":"Apply online"}]},{"@type":"WebSite","@id":"https:\/\/www.manugypse.com\/en\/#website","url":"https:\/\/www.manugypse.com\/en\/","name":"Manugypse","description":"Solides et novateurs.","potentialAction":[{"@type":"SearchAction","target":{"@type":"EntryPoint","urlTemplate":"https:\/\/www.manugypse.com\/en\/?s={search_term_string}"},"query-input":{"@type":"PropertyValueSpecification","valueRequired":true,"valueName":"search_term_string"}}],"inLanguage":"en-CA"}]}},"_links":{"self":[{"href":"https:\/\/www.manugypse.com\/en\/wp-json\/wp\/v2\/pages\/1296","targetHints":{"allow":["GET"]}}],"collection":[{"href":"https:\/\/www.manugypse.com\/en\/wp-json\/wp\/v2\/pages"}],"about":[{"href":"https:\/\/www.manugypse.com\/en\/wp-json\/wp\/v2\/types\/page"}],"author":[{"embeddable":true,"href":"https:\/\/www.manugypse.com\/en\/wp-json\/wp\/v2\/users\/4"}],"replies":[{"embeddable":true,"href":"https:\/\/www.manugypse.com\/en\/wp-json\/wp\/v2\/comments?post=1296"}],"version-history":[{"count":2,"href":"https:\/\/www.manugypse.com\/en\/wp-json\/wp\/v2\/pages\/1296\/revisions"}],"predecessor-version":[{"id":1298,"href":"https:\/\/www.manugypse.com\/en\/wp-json\/wp\/v2\/pages\/1296\/revisions\/1298"}],"wp:attachment":[{"href":"https:\/\/www.manugypse.com\/en\/wp-json\/wp\/v2\/media?parent=1296"}],"curies":[{"name":"wp","href":"https:\/\/api.w.org\/{rel}","templated":true}]}}