{"id":2,"date":"2017-08-05T20:12:28","date_gmt":"2017-08-05T18:12:28","guid":{"rendered":"http:\/\/dev.manugypse.com\/?page_id=2"},"modified":"2020-12-16T10:37:24","modified_gmt":"2020-12-16T15:37:24","slug":"accueil","status":"publish","type":"page","link":"https:\/\/www.manugypse.com\/fr\/","title":{"rendered":"Accueil"},"content":{"rendered":"","protected":false},"excerpt":{"rendered":"","protected":false},"author":4,"featured_media":0,"parent":0,"menu_order":0,"comment_status":"closed","ping_status":"closed","template":"templates\/template-layouts.php","meta":{"_acf_changed":false,"footnotes":""},"class_list":["post-2","page","type-page","status-publish","hentry"],"acf":[],"yoast_head":"<!-- This site is optimized with the Yoast SEO plugin v27.5 - https:\/\/yoast.com\/product\/yoast-seo-wordpress\/ -->\n<title>Manugypse - Sp\u00e9cialiste en syst\u00e8me d&#039;int\u00e9rieur &amp; mat\u00e9riaux de construction<\/title>\n<meta name=\"description\" content=\"Distributeur et manufacturier de mat\u00e9riaux de syst\u00e8me int\u00e9rieur, Manugypse sait r\u00e9pondre rapidement et efficacement \u00e0 tous vos besoins en construction.\" \/>\n<meta name=\"robots\" content=\"index, follow, max-snippet:-1, max-image-preview:large, max-video-preview:-1\" \/>\n<link rel=\"canonical\" href=\"https:\/\/www.manugypse.com\/fr\/\" \/>\n<meta property=\"og:locale\" content=\"fr_CA\" \/>\n<meta property=\"og:type\" content=\"article\" \/>\n<meta property=\"og:title\" content=\"Manugypse - Sp\u00e9cialiste en syst\u00e8me d&#039;int\u00e9rieur &amp; mat\u00e9riaux de construction\" \/>\n<meta property=\"og:description\" content=\"Distributeur et manufacturier de mat\u00e9riaux de syst\u00e8me int\u00e9rieur, Manugypse sait r\u00e9pondre rapidement et efficacement \u00e0 tous vos besoins en construction.\" \/>\n<meta property=\"og:url\" content=\"https:\/\/www.manugypse.com\/fr\/\" \/>\n<meta property=\"og:site_name\" content=\"Manugypse\" \/>\n<meta property=\"article:modified_time\" content=\"2020-12-16T15:37:24+00:00\" \/>\n<meta name=\"twitter:card\" content=\"summary_large_image\" \/>\n<script type=\"application\/ld+json\" class=\"yoast-schema-graph\">{\"@context\":\"https:\\\/\\\/schema.org\",\"@graph\":[{\"@type\":\"WebPage\",\"@id\":\"https:\\\/\\\/www.manugypse.com\\\/fr\\\/\",\"url\":\"https:\\\/\\\/www.manugypse.com\\\/fr\\\/\",\"name\":\"Manugypse - Sp\u00e9cialiste en syst\u00e8me d'int\u00e9rieur & mat\u00e9riaux de construction\",\"isPartOf\":{\"@id\":\"https:\\\/\\\/www.manugypse.com\\\/fr\\\/#website\"},\"datePublished\":\"2017-08-05T18:12:28+00:00\",\"dateModified\":\"2020-12-16T15:37:24+00:00\",\"description\":\"Distributeur et manufacturier de mat\u00e9riaux de syst\u00e8me int\u00e9rieur, Manugypse sait r\u00e9pondre rapidement et efficacement \u00e0 tous vos besoins en construction.\",\"breadcrumb\":{\"@id\":\"https:\\\/\\\/www.manugypse.com\\\/fr\\\/#breadcrumb\"},\"inLanguage\":\"fr-CA\",\"potentialAction\":[{\"@type\":\"ReadAction\",\"target\":[\"https:\\\/\\\/www.manugypse.com\\\/fr\\\/\"]}]},{\"@type\":\"BreadcrumbList\",\"@id\":\"https:\\\/\\\/www.manugypse.com\\\/fr\\\/#breadcrumb\",\"itemListElement\":[{\"@type\":\"ListItem\",\"position\":1,\"name\":\"Home\",\"item\":\"https:\\\/\\\/www.manugypse.com\\\/fr\\\/\"},{\"@type\":\"ListItem\",\"position\":2,\"name\":\"Accueil\"}]},{\"@type\":\"WebSite\",\"@id\":\"https:\\\/\\\/www.manugypse.com\\\/fr\\\/#website\",\"url\":\"https:\\\/\\\/www.manugypse.com\\\/fr\\\/\",\"name\":\"Manugypse\",\"description\":\"Solides et novateurs.\",\"potentialAction\":[{\"@type\":\"SearchAction\",\"target\":{\"@type\":\"EntryPoint\",\"urlTemplate\":\"https:\\\/\\\/www.manugypse.com\\\/fr\\\/?s={search_term_string}\"},\"query-input\":{\"@type\":\"PropertyValueSpecification\",\"valueRequired\":true,\"valueName\":\"search_term_string\"}}],\"inLanguage\":\"fr-CA\"}]}<\/script>\n<!-- \/ Yoast SEO plugin. -->","yoast_head_json":{"title":"Manugypse - Sp\u00e9cialiste en syst\u00e8me d'int\u00e9rieur & mat\u00e9riaux de construction","description":"Distributeur et manufacturier de mat\u00e9riaux de syst\u00e8me int\u00e9rieur, Manugypse sait r\u00e9pondre rapidement et efficacement \u00e0 tous vos besoins en construction.","robots":{"index":"index","follow":"follow","max-snippet":"max-snippet:-1","max-image-preview":"max-image-preview:large","max-video-preview":"max-video-preview:-1"},"canonical":"https:\/\/www.manugypse.com\/fr\/","og_locale":"fr_CA","og_type":"article","og_title":"Manugypse - Sp\u00e9cialiste en syst\u00e8me d'int\u00e9rieur & mat\u00e9riaux de construction","og_description":"Distributeur et manufacturier de mat\u00e9riaux de syst\u00e8me int\u00e9rieur, Manugypse sait r\u00e9pondre rapidement et efficacement \u00e0 tous vos besoins en construction.","og_url":"https:\/\/www.manugypse.com\/fr\/","og_site_name":"Manugypse","article_modified_time":"2020-12-16T15:37:24+00:00","twitter_card":"summary_large_image","schema":{"@context":"https:\/\/schema.org","@graph":[{"@type":"WebPage","@id":"https:\/\/www.manugypse.com\/fr\/","url":"https:\/\/www.manugypse.com\/fr\/","name":"Manugypse - Sp\u00e9cialiste en syst\u00e8me d'int\u00e9rieur & mat\u00e9riaux de construction","isPartOf":{"@id":"https:\/\/www.manugypse.com\/fr\/#website"},"datePublished":"2017-08-05T18:12:28+00:00","dateModified":"2020-12-16T15:37:24+00:00","description":"Distributeur et manufacturier de mat\u00e9riaux de syst\u00e8me int\u00e9rieur, Manugypse sait r\u00e9pondre rapidement et efficacement \u00e0 tous vos besoins en construction.","breadcrumb":{"@id":"https:\/\/www.manugypse.com\/fr\/#breadcrumb"},"inLanguage":"fr-CA","potentialAction":[{"@type":"ReadAction","target":["https:\/\/www.manugypse.com\/fr\/"]}]},{"@type":"BreadcrumbList","@id":"https:\/\/www.manugypse.com\/fr\/#breadcrumb","itemListElement":[{"@type":"ListItem","position":1,"name":"Home","item":"https:\/\/www.manugypse.com\/fr\/"},{"@type":"ListItem","position":2,"name":"Accueil"}]},{"@type":"WebSite","@id":"https:\/\/www.manugypse.com\/fr\/#website","url":"https:\/\/www.manugypse.com\/fr\/","name":"Manugypse","description":"Solides et novateurs.","potentialAction":[{"@type":"SearchAction","target":{"@type":"EntryPoint","urlTemplate":"https:\/\/www.manugypse.com\/fr\/?s={search_term_string}"},"query-input":{"@type":"PropertyValueSpecification","valueRequired":true,"valueName":"search_term_string"}}],"inLanguage":"fr-CA"}]}},"_links":{"self":[{"href":"https:\/\/www.manugypse.com\/fr\/wp-json\/wp\/v2\/pages\/2","targetHints":{"allow":["GET"]}}],"collection":[{"href":"https:\/\/www.manugypse.com\/fr\/wp-json\/wp\/v2\/pages"}],"about":[{"href":"https:\/\/www.manugypse.com\/fr\/wp-json\/wp\/v2\/types\/page"}],"author":[{"embeddable":true,"href":"https:\/\/www.manugypse.com\/fr\/wp-json\/wp\/v2\/users\/4"}],"replies":[{"embeddable":true,"href":"https:\/\/www.manugypse.com\/fr\/wp-json\/wp\/v2\/comments?post=2"}],"version-history":[{"count":19,"href":"https:\/\/www.manugypse.com\/fr\/wp-json\/wp\/v2\/pages\/2\/revisions"}],"predecessor-version":[{"id":1143,"href":"https:\/\/www.manugypse.com\/fr\/wp-json\/wp\/v2\/pages\/2\/revisions\/1143"}],"wp:attachment":[{"href":"https:\/\/www.manugypse.com\/fr\/wp-json\/wp\/v2\/media?parent=2"}],"curies":[{"name":"wp","href":"https:\/\/api.w.org\/{rel}","templated":true}]}}